{"id":7616,"date":"2023-12-21T08:07:17","date_gmt":"2023-12-21T07:07:17","guid":{"rendered":"https:\/\/hotelvisavis.net\/unsere-kontakte\/"},"modified":"2024-01-23T14:29:49","modified_gmt":"2024-01-23T13:29:49","slug":"kontakte-hotel-vis-a-vis-triest","status":"publish","type":"page","link":"https:\/\/hotelvisavis.net\/de\/kontakte-hotel-vis-a-vis-triest\/","title":{"rendered":"Unsere Kontakte"},"content":{"rendered":"<div  class=\"grids-section grids-is-advanced alignfull\" style=\"--_gs-gap-desktop:0px 0px;--_gs-m-desktop:0 0 0 0;--_gs-p-desktop:0 0 0 0;--_gs-bg-desktop:transparent none;--_gs-bg-xp-desktop:0px;--_gs-zi-desktop:auto;--_gs-d-desktop:block;--_gs-mw-desktop:calc(100% - 0 - 0);--_gs-gap-tablet:0px 0px;--_gs-m-tablet:0 0 0 0;--_gs-p-tablet:0 0 0 0;--_gs-bg-tablet:transparent none;--_gs-bg-xp-tablet:0px;--_gs-zi-tablet:auto;--_gs-d-tablet:block;--_gs-mw-tablet:calc(100% - 0 - 0);--_gs-gap-mobile:0px 0px;--_gs-m-mobile:0 0 0 0;--_gs-p-mobile:0 0 0 0;--_gs-bg-mobile:transparent none;--_gs-bg-xp-mobile:0px;--_gs-zi-mobile:auto;--_gs-d-mobile:block;--_gs-mw-mobile:calc(100% - 0 - 0);--_gs-columns:12;--_gs-rows:6\"><div class=\"grids-s-w_i\">\n<div class=\"grids-area\" style=\"--_ga-column:4\/10;--_ga-row:1\/2;--_ga-m-desktop:0 0 0 0;--_ga-p-desktop:0 0 0 0;--_ga-bg-desktop:transparent none;--_ga-zi-desktop:auto;--_ga-d-desktop:flex;--_ga-mw-desktop:calc(100% - 0 - 0);--_ga-m-tablet:0 0 0 0;--_ga-p-tablet:0 0 0 0;--_ga-bg-tablet:transparent none;--_ga-zi-tablet:auto;--_ga-d-tablet:flex;--_ga-mw-tablet:calc(100% - 0 - 0);--_ga-m-mobile:0 0 0 0;--_ga-p-mobile:0 0 0 0;--_ga-bg-mobile:transparent none;--_ga-zi-mobile:auto;--_ga-d-mobile:flex;--_ga-mw-mobile:calc(100% - 0 - 0)\">\n\n<p class=\"counter-h\">KONTAKTIEREN SIE UNS\n        <\/p>\n\n\n\n<h2 class=\"wp-block-heading has-text-align-left\">Wie k\u00f6nnen wir Sie unterst\u00fctzen?\n        <\/h2>\n\n<\/div>\n<\/div><\/div>\n\n<div  id=\"servizi\" class=\"grids-section services-box-row grids-is-advanced alignwide\" style=\"--_gs-gap-desktop:0px 30px;--_gs-m-desktop:0 0 0 0;--_gs-p-desktop:0 0 0 0;--_gs-bg-desktop:transparent none;--_gs-bg-xp-desktop:0px;--_gs-zi-desktop:auto;--_gs-d-desktop:block;--_gs-mw-desktop:calc(100% - 0 - 0);--_gs-gap-tablet:0px 30px;--_gs-m-tablet:0 0 0 0;--_gs-p-tablet:0 0 0 0;--_gs-bg-tablet:transparent none;--_gs-bg-xp-tablet:0px;--_gs-zi-tablet:auto;--_gs-d-tablet:block;--_gs-mw-tablet:calc(100% - 0 - 0);--_gs-gap-mobile:0px 30px;--_gs-m-mobile:0 0 0 0;--_gs-p-mobile:0 0 0 0;--_gs-bg-mobile:transparent none;--_gs-bg-xp-mobile:0px;--_gs-zi-mobile:auto;--_gs-d-mobile:block;--_gs-mw-mobile:calc(100% - 0 - 0);--_gs-columns:12;--_gs-rows:6\"><div class=\"grids-s-w_i\">\n<div class=\"grids-area service-box\" style=\"--_ga-column:1\/5;--_ga-row:3\/5;--_ga-m-desktop:0 0 0 0;--_ga-p-desktop:40px 10px 40px 10px;--_ga-bg-desktop:#f5f5f5 none;--_ga-zi-desktop:auto;--_ga-d-desktop:flex;--_ga-mw-desktop:calc(100% - 0 - 0);--_ga-m-tablet:0 0 0 0;--_ga-p-tablet:40px 10px 40px 10px;--_ga-bg-tablet:#f5f5f5 none;--_ga-zi-tablet:auto;--_ga-d-tablet:flex;--_ga-mw-tablet:calc(100% - 0 - 0);--_ga-m-mobile:0 0 0 0;--_ga-p-mobile:40px 10px 40px 10px;--_ga-bg-mobile:#f5f5f5 none;--_ga-zi-mobile:auto;--_ga-d-mobile:flex;--_ga-mw-mobile:calc(100% - 0 - 0)\">\n\n<div style=\"height:25px\" aria-hidden=\"true\" class=\"wp-block-spacer\"><\/div>\n\n\n\n<i class=\"fa-solid fa-phone fa-xl has-text-align-center\"><\/i>\n\n\n\n<div style=\"height:25px\" aria-hidden=\"true\" class=\"wp-block-spacer\"><\/div>\n\n\n\n<h6 class=\"wp-block-heading has-text-align-center\">Telefon\n        <\/h6>\n\n\n\n<p class=\"has-text-align-center\"><a href=\"tel:+390407600011\">+39 040 7600011<\/a><\/p>\n\n<\/div>\n\n<div class=\"grids-area service-box\" style=\"--_ga-column:5\/9;--_ga-row:3\/5;--_ga-m-desktop:0 0 0 0;--_ga-p-desktop:40px 10px 40px 10px;--_ga-bg-desktop:#f5f5f5 none;--_ga-zi-desktop:auto;--_ga-d-desktop:flex;--_ga-mw-desktop:calc(100% - 0 - 0);--_ga-m-tablet:0 0 0 0;--_ga-p-tablet:40px 10px 40px 10px;--_ga-bg-tablet:#f5f5f5 none;--_ga-zi-tablet:auto;--_ga-d-tablet:flex;--_ga-mw-tablet:calc(100% - 0 - 0);--_ga-m-mobile:0 0 0 0;--_ga-p-mobile:40px 10px 40px 10px;--_ga-bg-mobile:#f5f5f5 none;--_ga-zi-mobile:auto;--_ga-d-mobile:flex;--_ga-mw-mobile:calc(100% - 0 - 0)\">\n\n<div style=\"height:25px\" aria-hidden=\"true\" class=\"wp-block-spacer\"><\/div>\n\n\n\n<i class=\"fa-solid fa-at fa-xl has-text-align-center\"><\/i>\n\n\n\n<div style=\"height:25px\" aria-hidden=\"true\" class=\"wp-block-spacer\"><\/div>\n\n\n\n<h6 class=\"wp-block-heading has-text-align-center\">Mail:\n        <\/h6>\n\n\n\n<p class=\"has-text-align-center\"><a class=\"email\" href=\"mailto:info@hotelvisavis.net\">info@hotelvisavis.net<\/a><br\/><a class=\"email\" href=\"mailto:harrys@duchidaosta.com\">harrys@duchidaosta.com<\/a><\/p>\n\n<\/div>\n\n<div class=\"grids-area service-box\" style=\"--_ga-column:9\/13;--_ga-row:3\/5;--_ga-m-desktop:0 0 0 0;--_ga-p-desktop:40px 10px 40px 10px;--_ga-bg-desktop:#f5f5f5 none;--_ga-zi-desktop:auto;--_ga-d-desktop:flex;--_ga-mw-desktop:calc(100% - 0 - 0);--_ga-m-tablet:0 0 0 0;--_ga-p-tablet:40px 10px 40px 10px;--_ga-bg-tablet:#f5f5f5 none;--_ga-zi-tablet:auto;--_ga-d-tablet:flex;--_ga-mw-tablet:calc(100% - 0 - 0);--_ga-m-mobile:0 0 0 0;--_ga-p-mobile:40px 10px 40px 10px;--_ga-bg-mobile:#f5f5f5 none;--_ga-zi-mobile:auto;--_ga-d-mobile:flex;--_ga-mw-mobile:calc(100% - 0 - 0)\">\n\n<div style=\"height:25px\" aria-hidden=\"true\" class=\"wp-block-spacer\"><\/div>\n\n\n\n<i class=\"fa-solid fa-car fa-xl has-text-align-center\"><\/i>\n\n\n\n<div style=\"height:25px\" aria-hidden=\"true\" class=\"wp-block-spacer\"><\/div>\n\n\n\n<h6 class=\"wp-block-heading has-text-align-center\">Wo finden Sie uns?\n        <\/h6>\n\n\n\n<p class=\"has-text-align-center\">Piazza dello Squero Vecchio, 1<br>Trieste 34121 Italy<br><strong>Parken nach Reservierung m\u00f6glich<\/strong><\/p>\n\n<\/div>\n<\/div><\/div>","protected":false},"excerpt":{"rendered":"","protected":false},"author":1,"featured_media":7649,"parent":0,"menu_order":0,"comment_status":"closed","ping_status":"closed","template":"","meta":{"_acf_changed":false,"advgb_blocks_editor_width":"","advgb_blocks_columns_visual_guide":"","footnotes":""},"class_list":["post-7616","page","type-page","status-publish","has-post-thumbnail","hentry","entry"],"acf":[],"yoast_head":"<!-- This site is optimized with the Yoast SEO plugin v25.7 - https:\/\/yoast.com\/wordpress\/plugins\/seo\/ -->\n<title>Hotel Vis \u00e0 Vis - Hotel im Zentrum von Triest - Kontakte<\/title>\n<meta name=\"description\" content=\"Hotel Vis \u00e0 Vis, im historischen Zentrum von Triest. Kontaktieren Sie uns, um einen au\u00dfergew\u00f6hnlichen Aufenthalt in Triest zu erleben!\" \/>\n<meta name=\"robots\" content=\"index, follow, max-snippet:-1, max-image-preview:large, max-video-preview:-1\" \/>\n<link rel=\"canonical\" href=\"https:\/\/hotelvisavis.net\/de\/kontakte-hotel-vis-a-vis-triest\/\" \/>\n<meta property=\"og:locale\" content=\"de_DE\" \/>\n<meta property=\"og:type\" content=\"article\" \/>\n<meta property=\"og:title\" content=\"Hotel Vis \u00e0 Vis - Hotel im Zentrum von Triest - Kontakte\" \/>\n<meta property=\"og:description\" content=\"Hotel Vis \u00e0 Vis, im historischen Zentrum von Triest. Kontaktieren Sie uns, um einen au\u00dfergew\u00f6hnlichen Aufenthalt in Triest zu erleben!\" \/>\n<meta property=\"og:url\" content=\"https:\/\/hotelvisavis.net\/de\/kontakte-hotel-vis-a-vis-triest\/\" \/>\n<meta property=\"og:site_name\" content=\"Vis \u00e0 Vis\" \/>\n<meta property=\"article:publisher\" content=\"https:\/\/www.facebook.com\/Hotel.Duchi.Trieste\" \/>\n<meta property=\"article:modified_time\" content=\"2024-01-23T13:29:49+00:00\" \/>\n<meta property=\"og:image\" content=\"https:\/\/hotelvisavis.net\/wp-content\/uploads\/2023\/12\/Contatti-above-the-fold-1.jpg\" \/>\n\t<meta property=\"og:image:width\" content=\"1824\" \/>\n\t<meta property=\"og:image:height\" content=\"1216\" \/>\n\t<meta property=\"og:image:type\" content=\"image\/jpeg\" \/>\n<meta name=\"twitter:card\" content=\"summary_large_image\" \/>\n<meta name=\"twitter:label1\" content=\"Gesch\u00e4tzte Lesezeit\" \/>\n\t<meta name=\"twitter:data1\" content=\"1\u00a0Minute\" \/>\n<script type=\"application\/ld+json\" class=\"yoast-schema-graph\">{\"@context\":\"https:\/\/schema.org\",\"@graph\":[{\"@type\":\"WebPage\",\"@id\":\"https:\/\/hotelvisavis.net\/de\/kontakte-hotel-vis-a-vis-triest\/\",\"url\":\"https:\/\/hotelvisavis.net\/de\/kontakte-hotel-vis-a-vis-triest\/\",\"name\":\"Hotel Vis \u00e0 Vis - Hotel im Zentrum von Triest - Kontakte\",\"isPartOf\":{\"@id\":\"https:\/\/hotelvisavis.net\/de\/#website\"},\"primaryImageOfPage\":{\"@id\":\"https:\/\/hotelvisavis.net\/de\/kontakte-hotel-vis-a-vis-triest\/#primaryimage\"},\"image\":{\"@id\":\"https:\/\/hotelvisavis.net\/de\/kontakte-hotel-vis-a-vis-triest\/#primaryimage\"},\"thumbnailUrl\":\"https:\/\/hotelvisavis.net\/wp-content\/uploads\/2023\/12\/Contatti-above-the-fold-1.jpg\",\"datePublished\":\"2023-12-21T07:07:17+00:00\",\"dateModified\":\"2024-01-23T13:29:49+00:00\",\"description\":\"Hotel Vis \u00e0 Vis, im historischen Zentrum von Triest. Kontaktieren Sie uns, um einen au\u00dfergew\u00f6hnlichen Aufenthalt in Triest zu erleben!\",\"breadcrumb\":{\"@id\":\"https:\/\/hotelvisavis.net\/de\/kontakte-hotel-vis-a-vis-triest\/#breadcrumb\"},\"inLanguage\":\"de\",\"potentialAction\":[{\"@type\":\"ReadAction\",\"target\":[\"https:\/\/hotelvisavis.net\/de\/kontakte-hotel-vis-a-vis-triest\/\"]}]},{\"@type\":\"ImageObject\",\"inLanguage\":\"de\",\"@id\":\"https:\/\/hotelvisavis.net\/de\/kontakte-hotel-vis-a-vis-triest\/#primaryimage\",\"url\":\"https:\/\/hotelvisavis.net\/wp-content\/uploads\/2023\/12\/Contatti-above-the-fold-1.jpg\",\"contentUrl\":\"https:\/\/hotelvisavis.net\/wp-content\/uploads\/2023\/12\/Contatti-above-the-fold-1.jpg\",\"width\":1824,\"height\":1216,\"caption\":\"Una sala colazioni luminosa e moderna in un hotel, con tavoli apparecchiati e un buffet ben fornito sullo sfondo.\"},{\"@type\":\"BreadcrumbList\",\"@id\":\"https:\/\/hotelvisavis.net\/de\/kontakte-hotel-vis-a-vis-triest\/#breadcrumb\",\"itemListElement\":[{\"@type\":\"ListItem\",\"position\":1,\"name\":\"Home\",\"item\":\"https:\/\/hotelvisavis.net\/de\/\"},{\"@type\":\"ListItem\",\"position\":2,\"name\":\"Unsere Kontakte\"}]},{\"@type\":\"WebSite\",\"@id\":\"https:\/\/hotelvisavis.net\/de\/#website\",\"url\":\"https:\/\/hotelvisavis.net\/de\/\",\"name\":\"Vis \u00e0 Vis\",\"description\":\"\",\"publisher\":{\"@id\":\"https:\/\/hotelvisavis.net\/de\/#organization\"},\"potentialAction\":[{\"@type\":\"SearchAction\",\"target\":{\"@type\":\"EntryPoint\",\"urlTemplate\":\"https:\/\/hotelvisavis.net\/de\/?s={search_term_string}\"},\"query-input\":{\"@type\":\"PropertyValueSpecification\",\"valueRequired\":true,\"valueName\":\"search_term_string\"}}],\"inLanguage\":\"de\"},{\"@type\":\"Organization\",\"@id\":\"https:\/\/hotelvisavis.net\/de\/#organization\",\"name\":\"Vis \u00e0 Vis\",\"url\":\"https:\/\/hotelvisavis.net\/de\/\",\"logo\":{\"@type\":\"ImageObject\",\"inLanguage\":\"de\",\"@id\":\"https:\/\/hotelvisavis.net\/de\/#\/schema\/logo\/image\/\",\"url\":\"https:\/\/hotelvisavis.net\/wp-content\/uploads\/2023\/11\/vis-a-vis-logo.svg\",\"contentUrl\":\"https:\/\/hotelvisavis.net\/wp-content\/uploads\/2023\/11\/vis-a-vis-logo.svg\",\"caption\":\"Vis \u00e0 Vis\"},\"image\":{\"@id\":\"https:\/\/hotelvisavis.net\/de\/#\/schema\/logo\/image\/\"},\"sameAs\":[\"https:\/\/www.facebook.com\/Hotel.Duchi.Trieste\",\"https:\/\/www.instagram.com\/duchitrieste\/\",\"https:\/\/www.linkedin.com\/company\/grand-hotel-duchi-d-aosta-harry-s-piccolo-bistr-trieste\/\"]}]}<\/script>\n<!-- \/ Yoast SEO plugin. -->","yoast_head_json":{"title":"Hotel Vis \u00e0 Vis - Hotel im Zentrum von Triest - Kontakte","description":"Hotel Vis \u00e0 Vis, im historischen Zentrum von Triest. Kontaktieren Sie uns, um einen au\u00dfergew\u00f6hnlichen Aufenthalt in Triest zu erleben!","robots":{"index":"index","follow":"follow","max-snippet":"max-snippet:-1","max-image-preview":"max-image-preview:large","max-video-preview":"max-video-preview:-1"},"canonical":"https:\/\/hotelvisavis.net\/de\/kontakte-hotel-vis-a-vis-triest\/","og_locale":"de_DE","og_type":"article","og_title":"Hotel Vis \u00e0 Vis - Hotel im Zentrum von Triest - Kontakte","og_description":"Hotel Vis \u00e0 Vis, im historischen Zentrum von Triest. Kontaktieren Sie uns, um einen au\u00dfergew\u00f6hnlichen Aufenthalt in Triest zu erleben!","og_url":"https:\/\/hotelvisavis.net\/de\/kontakte-hotel-vis-a-vis-triest\/","og_site_name":"Vis \u00e0 Vis","article_publisher":"https:\/\/www.facebook.com\/Hotel.Duchi.Trieste","article_modified_time":"2024-01-23T13:29:49+00:00","og_image":[{"width":1824,"height":1216,"url":"https:\/\/hotelvisavis.net\/wp-content\/uploads\/2023\/12\/Contatti-above-the-fold-1.jpg","type":"image\/jpeg"}],"twitter_card":"summary_large_image","twitter_misc":{"Gesch\u00e4tzte Lesezeit":"1\u00a0Minute"},"schema":{"@context":"https:\/\/schema.org","@graph":[{"@type":"WebPage","@id":"https:\/\/hotelvisavis.net\/de\/kontakte-hotel-vis-a-vis-triest\/","url":"https:\/\/hotelvisavis.net\/de\/kontakte-hotel-vis-a-vis-triest\/","name":"Hotel Vis \u00e0 Vis - Hotel im Zentrum von Triest - Kontakte","isPartOf":{"@id":"https:\/\/hotelvisavis.net\/de\/#website"},"primaryImageOfPage":{"@id":"https:\/\/hotelvisavis.net\/de\/kontakte-hotel-vis-a-vis-triest\/#primaryimage"},"image":{"@id":"https:\/\/hotelvisavis.net\/de\/kontakte-hotel-vis-a-vis-triest\/#primaryimage"},"thumbnailUrl":"https:\/\/hotelvisavis.net\/wp-content\/uploads\/2023\/12\/Contatti-above-the-fold-1.jpg","datePublished":"2023-12-21T07:07:17+00:00","dateModified":"2024-01-23T13:29:49+00:00","description":"Hotel Vis \u00e0 Vis, im historischen Zentrum von Triest. Kontaktieren Sie uns, um einen au\u00dfergew\u00f6hnlichen Aufenthalt in Triest zu erleben!","breadcrumb":{"@id":"https:\/\/hotelvisavis.net\/de\/kontakte-hotel-vis-a-vis-triest\/#breadcrumb"},"inLanguage":"de","potentialAction":[{"@type":"ReadAction","target":["https:\/\/hotelvisavis.net\/de\/kontakte-hotel-vis-a-vis-triest\/"]}]},{"@type":"ImageObject","inLanguage":"de","@id":"https:\/\/hotelvisavis.net\/de\/kontakte-hotel-vis-a-vis-triest\/#primaryimage","url":"https:\/\/hotelvisavis.net\/wp-content\/uploads\/2023\/12\/Contatti-above-the-fold-1.jpg","contentUrl":"https:\/\/hotelvisavis.net\/wp-content\/uploads\/2023\/12\/Contatti-above-the-fold-1.jpg","width":1824,"height":1216,"caption":"Una sala colazioni luminosa e moderna in un hotel, con tavoli apparecchiati e un buffet ben fornito sullo sfondo."},{"@type":"BreadcrumbList","@id":"https:\/\/hotelvisavis.net\/de\/kontakte-hotel-vis-a-vis-triest\/#breadcrumb","itemListElement":[{"@type":"ListItem","position":1,"name":"Home","item":"https:\/\/hotelvisavis.net\/de\/"},{"@type":"ListItem","position":2,"name":"Unsere Kontakte"}]},{"@type":"WebSite","@id":"https:\/\/hotelvisavis.net\/de\/#website","url":"https:\/\/hotelvisavis.net\/de\/","name":"Vis \u00e0 Vis","description":"","publisher":{"@id":"https:\/\/hotelvisavis.net\/de\/#organization"},"potentialAction":[{"@type":"SearchAction","target":{"@type":"EntryPoint","urlTemplate":"https:\/\/hotelvisavis.net\/de\/?s={search_term_string}"},"query-input":{"@type":"PropertyValueSpecification","valueRequired":true,"valueName":"search_term_string"}}],"inLanguage":"de"},{"@type":"Organization","@id":"https:\/\/hotelvisavis.net\/de\/#organization","name":"Vis \u00e0 Vis","url":"https:\/\/hotelvisavis.net\/de\/","logo":{"@type":"ImageObject","inLanguage":"de","@id":"https:\/\/hotelvisavis.net\/de\/#\/schema\/logo\/image\/","url":"https:\/\/hotelvisavis.net\/wp-content\/uploads\/2023\/11\/vis-a-vis-logo.svg","contentUrl":"https:\/\/hotelvisavis.net\/wp-content\/uploads\/2023\/11\/vis-a-vis-logo.svg","caption":"Vis \u00e0 Vis"},"image":{"@id":"https:\/\/hotelvisavis.net\/de\/#\/schema\/logo\/image\/"},"sameAs":["https:\/\/www.facebook.com\/Hotel.Duchi.Trieste","https:\/\/www.instagram.com\/duchitrieste\/","https:\/\/www.linkedin.com\/company\/grand-hotel-duchi-d-aosta-harry-s-piccolo-bistr-trieste\/"]}]}},"coauthors":[],"author_meta":{"author_link":"https:\/\/hotelvisavis.net\/de\/author\/jampaa\/","display_name":"Jampaa"},"relative_dates":{"created":"Posted 2\u00a0Jahren ago","modified":"Updated 2\u00a0Jahren ago"},"absolute_dates":{"created":"Posted on 21\/12\/2023","modified":"Updated on 23\/01\/2024"},"absolute_dates_time":{"created":"Posted on 21\/12\/2023 08:07","modified":"Updated on 23\/01\/2024 14:29"},"featured_img_caption":"","featured_img":"https:\/\/hotelvisavis.net\/wp-content\/uploads\/2023\/12\/Contatti-above-the-fold-1-1568x1045.jpg","series_order":"","_links":{"self":[{"href":"https:\/\/hotelvisavis.net\/de\/wp-json\/wp\/v2\/pages\/7616","targetHints":{"allow":["GET"]}}],"collection":[{"href":"https:\/\/hotelvisavis.net\/de\/wp-json\/wp\/v2\/pages"}],"about":[{"href":"https:\/\/hotelvisavis.net\/de\/wp-json\/wp\/v2\/types\/page"}],"author":[{"embeddable":true,"href":"https:\/\/hotelvisavis.net\/de\/wp-json\/wp\/v2\/users\/1"}],"replies":[{"embeddable":true,"href":"https:\/\/hotelvisavis.net\/de\/wp-json\/wp\/v2\/comments?post=7616"}],"version-history":[{"count":6,"href":"https:\/\/hotelvisavis.net\/de\/wp-json\/wp\/v2\/pages\/7616\/revisions"}],"predecessor-version":[{"id":7898,"href":"https:\/\/hotelvisavis.net\/de\/wp-json\/wp\/v2\/pages\/7616\/revisions\/7898"}],"wp:featuredmedia":[{"embeddable":true,"href":"https:\/\/hotelvisavis.net\/de\/wp-json\/wp\/v2\/media\/7649"}],"wp:attachment":[{"href":"https:\/\/hotelvisavis.net\/de\/wp-json\/wp\/v2\/media?parent=7616"}],"curies":[{"name":"wp","href":"https:\/\/api.w.org\/{rel}","templated":true}]}}